{"id":165,"date":"2026-03-10T22:32:12","date_gmt":"2026-03-10T21:32:12","guid":{"rendered":"https:\/\/meilleurs-outils.com\/?page_id=165"},"modified":"2026-03-10T23:00:10","modified_gmt":"2026-03-10T22:00:10","slug":"accueil","status":"publish","type":"page","link":"https:\/\/meilleurs-outils.com\/","title":{"rendered":"Accueil"},"content":{"rendered":"<div class=\"et_pb_section_0 et_pb_section et_section_specialty et_pb_equal_columns et_pb_gutters3 et_block_section\"><div class=\"et_pb_row et_block_row\">\n<div class=\"et_pb_column_0 et_pb_column et_pb_column_single et_pb_column_1_2 et_block_column et_pb_css_mix_blend_mode_passthrough preset--module--divi-column--73121f80-a3ef-4484-8763-c3f18e3c56d2\">\n<div class=\"et_pb_divider_0 et_pb_divider_hidden et_pb_space et_pb_divider_position_top et_pb_module preset--module--divi-divider--default\"><div class=\"et_pb_divider_internal\"><\/div><\/div>\n<\/div>\n\n<div class=\"et_pb_column_1 et_pb_column et_pb_specialty_column et_pb_column_1_2 et-last-child et_block_column et_pb_css_mix_blend_mode_passthrough preset--module--divi-column--default\">\n<div class=\"et_pb_row_inner_0 et_pb_row_inner et_block_row\">\n<div class=\"et_pb_column_inner_0 et_pb_column_inner et_pb_column et_pb_column_4_4 et-last-child et_block_column et_pb_css_mix_blend_mode_passthrough preset--module--divi-column-inner--73121f80-a3ef-4484-8763-c3f18e3c56d2\">\n<div class=\"et_pb_heading_0 et_pb_heading et_pb_module et_block_module preset--module--divi-heading--f0c675ea-2574-4d0e-b725-30f8550a8550\"><div class=\"et_pb_heading_container\"><h4 class=\"et_pb_module_header\">D\u00e9couvrez les Outils Id\u00e9aux pour Vos Projets DIY<\/h4><\/div><\/div>\n\n<div class=\"et_pb_heading_1 et_pb_heading et_pb_module et_block_module preset--module--divi-heading--ddeb8c09-9078-4424-bc15-2efb6572e28e\"><div class=\"et_pb_heading_container\"><h1 class=\"et_pb_module_header\">Meilleurs Outils pour Passionn\u00e9s et Particuliers<\/h1><\/div><\/div>\n\n<div class=\"et_pb_text_0 et_pb_text et_pb_bg_layout_light et_pb_module et_block_module preset--module--divi-text--2c55a9c4-feed-423b-9edb-ae0b5b365cac\"><div class=\"et_pb_text_inner\"><p>Explorez notre s\u00e9lection experte pour trouver l&rsquo;outil parfait qui transformera vos id\u00e9es en r\u00e9alit\u00e9.<\/p>\n<\/div><\/div>\n\n<div class=\"et_pb_module et_pb_button_module_wrapper et_pb_button_0_wrapper preset--module--divi-button--1bffc0fc-42a0-49d1-bd9a-ae3ade2d7206_wrapper\"><a class=\"et_pb_button_0 et_pb_button et_pb_bg_layout_light et_pb_module et_block_module preset--module--divi-button--1bffc0fc-42a0-49d1-bd9a-ae3ade2d7206\" href=\"\">Voir les S\u00e9lections<\/a><\/div>\n<\/div>\n<\/div>\n\n<div class=\"et_pb_row_inner_1 et_pb_row_inner et_pb_equal_columns et_pb_gutters1 et_block_row\">\n<div class=\"et_pb_column_inner_1 et_pb_column_inner et_pb_column et_pb_column_1_4 et_block_column et_pb_css_mix_blend_mode_passthrough preset--module--divi-column-inner--73121f80-a3ef-4484-8763-c3f18e3c56d2\">\n<div class=\"et_pb_heading_2 et_pb_heading et_pb_module et_block_module preset--module--divi-heading--a3805066-8711-43c7-9f62-5782da0e9f7a\"><div class=\"et_pb_heading_container\"><h5 class=\"et_pb_module_header\">Bricolage et Outillage<\/h5><\/div><\/div>\n\n<div class=\"et_pb_text_1 et_pb_text et_pb_bg_layout_light et_pb_module et_block_module preset--module--divi-text--0504de1e-f5ff-4281-ba60-cbbe4edf98bc\"><div class=\"et_pb_text_inner\"><p>Des outils \u00e9lectroportatifs aux indispensables pour tous vos projets de bricolage.<\/p>\n<\/div><\/div>\n<\/div>\n\n<div class=\"et_pb_column_inner_2 et_pb_column_inner et_pb_column et_pb_column_1_4 et-last-child et_block_column et_pb_css_mix_blend_mode_passthrough preset--module--divi-column-inner--73121f80-a3ef-4484-8763-c3f18e3c56d2\">\n<div class=\"et_pb_heading_3 et_pb_heading et_pb_module et_block_module preset--module--divi-heading--a3805066-8711-43c7-9f62-5782da0e9f7a\"><div class=\"et_pb_heading_container\"><h5 class=\"et_pb_module_header\">Jardinage et Entretien<\/h5><\/div><\/div>\n\n<div class=\"et_pb_text_2 et_pb_text et_pb_bg_layout_light et_pb_module et_block_module preset--module--divi-text--2c55a9c4-feed-423b-9edb-ae0b5b365cac\"><div class=\"et_pb_text_inner\"><p>D\u00e9couvrez les meilleurs \u00e9quipements pour entretenir votre jardin avec facilit\u00e9.<\/p>\n<\/div><\/div>\n<\/div>\n<\/div>\n<\/div>\n<\/div><\/div>\n\n<div class=\"et_pb_section_1 et_pb_section et_section_regular et_block_section\">\n<div class=\"et_pb_row_0 et_pb_row et_block_row\">\n<div class=\"et_pb_column_2 et_pb_column et_pb_column_4_4 et-last-child et_block_column et_pb_css_mix_blend_mode_passthrough preset--module--divi-column--default\">\n<div class=\"et_pb_heading_4 et_pb_heading et_pb_module et_block_module preset--module--divi-heading--c33f07d9-41e0-421a-8799-5799df695cce\"><div class=\"et_pb_heading_container\"><h2 class=\"et_pb_module_header\">\u00c0 Propos de Meilleurs Outils<\/h2><\/div><\/div>\n<\/div>\n<\/div>\n\n<div class=\"et_pb_row_1 et_pb_row et_block_row\">\n<div class=\"et_pb_column_3 et_pb_column et_pb_column_1_2 et_block_column et_pb_css_mix_blend_mode_passthrough preset--module--divi-column--default\">\n<div class=\"et_pb_text_3 et_pb_text et_pb_bg_layout_light et_pb_module et_block_module preset--module--divi-text--2c55a9c4-feed-423b-9edb-ae0b5b365cac\"><div class=\"et_pb_text_inner\"><p>Meilleurs Outils est votre guide de confiance pour choisir les outils parfaits. Notre mission est d&rsquo;aider les particuliers et les passionn\u00e9s de DIY \u00e0 naviguer dans l&rsquo;univers des outils, en fournissant des comparatifs d\u00e9taill\u00e9s et des conseils d&rsquo;achat avis\u00e9s. Gr\u00e2ce \u00e0 notre mod\u00e8le d&rsquo;affiliation, nous vous connectons avec les meilleures offres disponibles chez nos partenaires tels qu&rsquo;Amazon et Cdiscount. Notre objectif est de simplifier votre recherche pour que vous puissiez vous concentrer sur vos projets cr\u00e9atifs.<\/p>\n<\/div><\/div>\n<\/div>\n\n<div class=\"et_pb_column_4 et_pb_column et_pb_column_1_2 et-last-child et_block_column et_pb_css_mix_blend_mode_passthrough preset--module--divi-column--default\">\n<div class=\"et_pb_text_4 et_pb_text et_pb_bg_layout_light et_pb_module et_block_module preset--module--divi-text--2c55a9c4-feed-423b-9edb-ae0b5b365cac\"><div class=\"et_pb_text_inner\"><p>Depuis notre lancement, nous avons aid\u00e9 des milliers de bricoleurs \u00e0 trouver les outils qui correspondent \u00e0 leurs besoins et \u00e0 leur budget. Nous couvrons quatre univers principaux : bricolage, jardinage, d\u00e9coupe laser et gravure, et imprimantes 3D. Chaque cat\u00e9gorie est soigneusement analys\u00e9e pour vous offrir les meilleurs produits du march\u00e9. Rejoignez notre communaut\u00e9 et passez plus de temps \u00e0 bricoler qu&rsquo;\u00e0 chercher l&rsquo;outil parfait.<\/p>\n<\/div><\/div>\n<\/div>\n<\/div>\n<\/div>\n\n<div class=\"et_pb_section_2 et_pb_section et_section_regular et_block_section\">\n<div class=\"et_pb_row_2 et_pb_row et_block_row preset--module--divi-row--5138c454-be54-4233-bd3b-f8e6a8747976\">\n<div class=\"et_pb_column_5 et_pb_column et_pb_column_3_5 et_block_column et_pb_css_mix_blend_mode_passthrough preset--module--divi-column--73121f80-a3ef-4484-8763-c3f18e3c56d2\">\n<div class=\"et_pb_heading_5 et_pb_heading et_pb_module et_block_module preset--module--divi-heading--c33f07d9-41e0-421a-8799-5799df695cce\"><div class=\"et_pb_heading_container\"><h2 class=\"et_pb_module_header\">Univers Couverts par Meilleurs Outils<\/h2><\/div><\/div>\n<\/div>\n\n<div class=\"et_pb_column_6 et_pb_column et_pb_column_2_5 et-last-child et_block_column et_pb_css_mix_blend_mode_passthrough preset--module--divi-column--73121f80-a3ef-4484-8763-c3f18e3c56d2\">\n<div class=\"et_pb_module et_pb_button_module_wrapper et_pb_button_1_wrapper preset--module--divi-button--ab15fb74-61a3-43aa-96b3-41e09aeef654_wrapper\"><a class=\"et_pb_button_1 et_pb_button et_pb_bg_layout_light et_pb_module et_block_module preset--module--divi-button--ab15fb74-61a3-43aa-96b3-41e09aeef654\" href=\"\">Explorer Bricolage<\/a><\/div>\n<\/div>\n<\/div>\n\n<div class=\"et_pb_row_3 et_pb_row et_block_row preset--module--divi-row--5138c454-be54-4233-bd3b-f8e6a8747976\">\n<div class=\"et_pb_column_7 et_pb_column et_pb_column_1_3 et_block_column et_pb_css_mix_blend_mode_passthrough preset--module--divi-column--73121f80-a3ef-4484-8763-c3f18e3c56d2\">\n<div class=\"et_pb_blurb_0 et_pb_blurb et_pb_bg_layout_light et_pb_text_align_center et_pb_blurb_position_top et_pb_module et_block_module preset--module--divi-blurb--212b201d-2c34-41bd-936c-851b7357d08b\"><div class=\"et_pb_blurb_content\"><div class=\"et_pb_main_blurb_image\"><span class=\"et_pb_image_wrap\"><span class=\"et-pb-icon et-waypoint et_pb_animation_off et_pb_animation_off_tablet et_pb_animation_off_phone\">\uf7d9<\/span><\/span><\/div><div class=\"et_pb_blurb_container\"><h4 class=\"et_pb_module_header\">D\u00e9coupe Laser et Gravure<\/h4><div class=\"et_pb_blurb_description\"><p>Machines de d\u00e9coupe et gravure pour amateurs et professionnels.<\/p>\n<\/div><\/div><\/div><\/div>\n\n<div class=\"et_pb_module et_pb_button_module_wrapper et_pb_button_2_wrapper preset--module--divi-button--1bffc0fc-42a0-49d1-bd9a-ae3ade2d7206_wrapper\"><a class=\"et_pb_button_2 et_pb_button et_pb_bg_layout_light et_pb_module et_block_module preset--module--divi-button--1bffc0fc-42a0-49d1-bd9a-ae3ade2d7206\" href=\"\">D\u00e9couvrir Plus<\/a><\/div>\n<\/div>\n\n<div class=\"et_pb_column_8 et_pb_column et_pb_column_1_3 et_block_column et_pb_css_mix_blend_mode_passthrough preset--module--divi-column--73121f80-a3ef-4484-8763-c3f18e3c56d2\">\n<div class=\"et_pb_blurb_1 et_pb_blurb et_pb_bg_layout_light et_pb_text_align_center et_pb_blurb_position_top et_pb_module et_block_module preset--module--divi-blurb--212b201d-2c34-41bd-936c-851b7357d08b\"><div class=\"et_pb_blurb_content\"><div class=\"et_pb_main_blurb_image\"><span class=\"et_pb_image_wrap\"><span class=\"et-pb-icon et-waypoint et_pb_animation_off et_pb_animation_off_tablet et_pb_animation_off_phone\">\uf70c<\/span><\/span><\/div><div class=\"et_pb_blurb_container\"><h4 class=\"et_pb_module_header\">Imprimantes 3D<\/h4><div class=\"et_pb_blurb_description\"><p>Imprimantes pour tous les niveaux, du d\u00e9butant au maker exp\u00e9riment\u00e9.<\/p>\n<\/div><\/div><\/div><\/div>\n\n<div class=\"et_pb_module et_pb_button_module_wrapper et_pb_button_3_wrapper preset--module--divi-button--1bffc0fc-42a0-49d1-bd9a-ae3ade2d7206_wrapper\"><a class=\"et_pb_button_3 et_pb_button et_pb_bg_layout_light et_pb_module et_block_module preset--module--divi-button--1bffc0fc-42a0-49d1-bd9a-ae3ade2d7206\" href=\"\">Voir les Mod\u00e8les<\/a><\/div>\n<\/div>\n\n<div class=\"et_pb_column_9 et_pb_column et_pb_column_1_3 et-last-child et_block_column et_pb_css_mix_blend_mode_passthrough preset--module--divi-column--73121f80-a3ef-4484-8763-c3f18e3c56d2\">\n<div class=\"et_pb_blurb_2 et_pb_blurb et_pb_bg_layout_light et_pb_text_align_center et_pb_blurb_position_top et_pb_module et_block_module preset--module--divi-blurb--212b201d-2c34-41bd-936c-851b7357d08b\"><div class=\"et_pb_blurb_content\"><div class=\"et_pb_main_blurb_image\"><span class=\"et_pb_image_wrap\"><span class=\"et-pb-icon et-waypoint et_pb_animation_off et_pb_animation_off_tablet et_pb_animation_off_phone\">\uf018<\/span><\/span><\/div><div class=\"et_pb_blurb_container\"><h4 class=\"et_pb_module_header\">Jardinage et Entretien<\/h4><div class=\"et_pb_blurb_description\"><p>\u00c9quipements pour un jardinage efficace et sans effort.<\/p>\n<\/div><\/div><\/div><\/div>\n\n<div class=\"et_pb_module et_pb_button_module_wrapper et_pb_button_4_wrapper preset--module--divi-button--1bffc0fc-42a0-49d1-bd9a-ae3ade2d7206_wrapper\"><a class=\"et_pb_button_4 et_pb_button et_pb_bg_layout_light et_pb_module et_block_module preset--module--divi-button--1bffc0fc-42a0-49d1-bd9a-ae3ade2d7206\" href=\"\">Explorer Jardinage<\/a><\/div>\n<\/div>\n<\/div>\n<\/div>\n\n<div class=\"et_pb_section_3 et_pb_section et_section_regular et_block_section\">\n<div class=\"et_pb_row_4 et_pb_row et_block_row preset--module--divi-row--5138c454-be54-4233-bd3b-f8e6a8747976\">\n<div class=\"et_pb_column_10 et_pb_column et_pb_column_1_2 et_block_column et_pb_css_mix_blend_mode_passthrough preset--module--divi-column--73121f80-a3ef-4484-8763-c3f18e3c56d2\">\n<div class=\"et_pb_image_0 et_pb_image et_pb_module et_block_module preset--module--divi-image--6ed8fd5c-62c5-4100-98c3-7b8b6d2c2ee6\"><span class=\"et_pb_image_wrap\"><img decoding=\"async\" src=\"https:\/\/images.unsplash.com\/photo-1539261840634-2966927034c1?ixid=M3w1ODkyNzF8MHwxfHNlYXJjaHwzfHwzRCUyMHByaW50ZXIlMjBpbiUyMGFjdGlvbnxlbnwwfDF8fHwxNzczMTc4MTM2fDA&#038;ixlib=rb-4.1.0&#038;fm=webp&#038;fit=crop&#038;crop=entropy&#038;w=800&#038;h=1080&#038;q=20&#038;dpr=2\" title=\"800x1080\" \/><\/span><\/div>\n<\/div>\n\n<div class=\"et_pb_column_11 et_pb_column et_pb_column_1_2 et-last-child et_block_column et_pb_css_mix_blend_mode_passthrough preset--module--divi-column--73121f80-a3ef-4484-8763-c3f18e3c56d2\">\n<div class=\"et_pb_heading_6 et_pb_heading et_pb_module et_block_module preset--module--divi-heading--c33f07d9-41e0-421a-8799-5799df695cce\"><div class=\"et_pb_heading_container\"><h2 class=\"et_pb_module_header\">Nos Services<\/h2><\/div><\/div>\n\n<div class=\"et_pb_blurb_3 et_pb_blurb et_pb_bg_layout_light et_pb_blurb_position_left et_pb_module et_block_module preset--module--divi-blurb--65059203-12d3-44f6-8371-3f5cf61a0475\"><div class=\"et_pb_blurb_content\"><div class=\"et_pb_main_blurb_image\"><span class=\"et_pb_image_wrap\"><span class=\"et-pb-icon et-waypoint et_pb_animation_off et_pb_animation_off_tablet et_pb_animation_off_phone\">\uf46d<\/span><\/span><\/div><div class=\"et_pb_blurb_container\"><h4 class=\"et_pb_module_header\">Comparatifs D\u00e9taill\u00e9s<\/h4><div class=\"et_pb_blurb_description\"><p>Nous fournissons des comparatifs d\u00e9taill\u00e9s pour vous aider \u00e0 choisir les outils les plus adapt\u00e9s \u00e0 vos besoins sp\u00e9cifiques.<\/p>\n<\/div><\/div><\/div><\/div>\n\n<div class=\"et_pb_blurb_4 et_pb_blurb et_pb_bg_layout_light et_pb_blurb_position_left et_pb_module et_block_module preset--module--divi-blurb--65059203-12d3-44f6-8371-3f5cf61a0475\"><div class=\"et_pb_blurb_content\"><div class=\"et_pb_main_blurb_image\"><span class=\"et_pb_image_wrap\"><span class=\"et-pb-icon et-waypoint et_pb_animation_off et_pb_animation_off_tablet et_pb_animation_off_phone\">\uf5da<\/span><\/span><\/div><div class=\"et_pb_blurb_container\"><h4 class=\"et_pb_module_header\">Guides d&rsquo;Achat<\/h4><div class=\"et_pb_blurb_description\"><p>Nos guides d&rsquo;achat vous offrent des conseils pratiques et des recommandations bas\u00e9es sur votre budget et vos exigences.<\/p>\n<\/div><\/div><\/div><\/div>\n\n<div class=\"et_pb_blurb_5 et_pb_blurb et_pb_bg_layout_light et_pb_blurb_position_left et_pb_module et_block_module preset--module--divi-blurb--65059203-12d3-44f6-8371-3f5cf61a0475\"><div class=\"et_pb_blurb_content\"><div class=\"et_pb_main_blurb_image\"><span class=\"et_pb_image_wrap\"><span class=\"et-pb-icon et-waypoint et_pb_animation_off et_pb_animation_off_tablet et_pb_animation_off_phone\">\uf085<\/span><\/span><\/div><div class=\"et_pb_blurb_container\"><h4 class=\"et_pb_module_header\">S\u00e9lection de Produits<\/h4><div class=\"et_pb_blurb_description\"><p>D\u00e9couvrez notre s\u00e9lection des meilleurs produits, soigneusement choisis pour leur qualit\u00e9 et leur performance.<\/p>\n<\/div><\/div><\/div><\/div>\n<\/div>\n<\/div>\n<\/div>\n\n<div class=\"et_pb_section_4 et_pb_section et_section_regular et_block_section\">\n<div class=\"et_pb_row_5 et_pb_row et_block_row preset--module--divi-row--5138c454-be54-4233-bd3b-f8e6a8747976\">\n<div class=\"et_pb_column_12 et_pb_column et_pb_column_4_4 et-last-child et_block_column et_pb_css_mix_blend_mode_passthrough preset--module--divi-column--73121f80-a3ef-4484-8763-c3f18e3c56d2\">\n<div class=\"et_pb_heading_7 et_pb_heading et_pb_module et_block_module preset--module--divi-heading--c33f07d9-41e0-421a-8799-5799df695cce\"><div class=\"et_pb_heading_container\"><h2 class=\"et_pb_module_header\">Ce que disent nos utilisateurs<\/h2><\/div><\/div>\n<\/div>\n<\/div>\n\n<div class=\"et_pb_row_6 et_pb_row et_block_row preset--module--divi-row--5138c454-be54-4233-bd3b-f8e6a8747976\">\n<div class=\"et_pb_column_13 et_pb_column et_pb_column_1_3 et_block_column et_pb_css_mix_blend_mode_passthrough preset--module--divi-column--73121f80-a3ef-4484-8763-c3f18e3c56d2\">\n<div class=\"et_pb_text_5 et_pb_text et_pb_bg_layout_light et_pb_module et_block_module preset--module--divi-text--default\"><div class=\"et_pb_text_inner\"><p><b>\u2605<\/b><b>\u2605<\/b><b>\u2605<\/b><b>\u2605<\/b><b>\u2605<\/b><\/p>\n<\/div><\/div>\n\n<div class=\"et_pb_text_6 et_pb_text et_pb_bg_layout_light et_pb_module et_block_module preset--module--divi-text--ca5459fa-2abd-4000-9b59-3cb483bcc17e\"><div class=\"et_pb_text_inner\"><p>Gr\u00e2ce \u00e0 Meilleurs Outils, j&rsquo;ai trouv\u00e9 la perceuse parfaite pour mes projets de bricolage. Le site est clair et les comparatifs sont tr\u00e8s utiles!<\/p>\n<\/div><\/div>\n\n<div class=\"et_pb_text_7 et_pb_text et_pb_bg_layout_light et_pb_module et_block_module preset--module--divi-text--2c55a9c4-feed-423b-9edb-ae0b5b365cac\"><div class=\"et_pb_text_inner\"><p>Jean Dupont<\/p>\n<\/div><\/div>\n<\/div>\n\n<div class=\"et_pb_column_14 et_pb_column et_pb_column_1_3 et_block_column et_pb_css_mix_blend_mode_passthrough preset--module--divi-column--73121f80-a3ef-4484-8763-c3f18e3c56d2\">\n<div class=\"et_pb_text_8 et_pb_text et_pb_bg_layout_light et_pb_module et_block_module preset--module--divi-text--default\"><div class=\"et_pb_text_inner\"><p><b>\u2605<\/b><b>\u2605<\/b><b>\u2605<\/b><b>\u2605<\/b><b>\u2605<\/b><\/p>\n<\/div><\/div>\n\n<div class=\"et_pb_text_9 et_pb_text et_pb_bg_layout_light et_pb_module et_block_module preset--module--divi-text--ca5459fa-2abd-4000-9b59-3cb483bcc17e\"><div class=\"et_pb_text_inner\"><p>Les guides d&rsquo;achat m&rsquo;ont aid\u00e9 \u00e0 choisir une tondeuse qui correspond parfaitement \u00e0 mon jardin. Je recommande vivement!<\/p>\n<\/div><\/div>\n\n<div class=\"et_pb_text_10 et_pb_text et_pb_bg_layout_light et_pb_module et_block_module preset--module--divi-text--2c55a9c4-feed-423b-9edb-ae0b5b365cac\"><div class=\"et_pb_text_inner\"><p>Marie Leclerc<\/p>\n<\/div><\/div>\n<\/div>\n\n<div class=\"et_pb_column_15 et_pb_column et_pb_column_1_3 et-last-child et_block_column et_pb_css_mix_blend_mode_passthrough preset--module--divi-column--73121f80-a3ef-4484-8763-c3f18e3c56d2\">\n<div class=\"et_pb_text_11 et_pb_text et_pb_bg_layout_light et_pb_module et_block_module preset--module--divi-text--default\"><div class=\"et_pb_text_inner\"><p><b>\u2605<\/b><b>\u2605<\/b><b>\u2605<\/b><b>\u2605<\/b><b>\u2605<\/b><\/p>\n<\/div><\/div>\n\n<div class=\"et_pb_text_12 et_pb_text et_pb_bg_layout_light et_pb_module et_block_module preset--module--divi-text--ca5459fa-2abd-4000-9b59-3cb483bcc17e\"><div class=\"et_pb_text_inner\"><p>J&rsquo;ai \u00e9conomis\u00e9 du temps et de l&rsquo;argent en suivant les conseils de Meilleurs Outils. Un site indispensable pour tous les bricoleurs!<\/p>\n<\/div><\/div>\n\n<div class=\"et_pb_text_13 et_pb_text et_pb_bg_layout_light et_pb_module et_block_module preset--module--divi-text--2c55a9c4-feed-423b-9edb-ae0b5b365cac\"><div class=\"et_pb_text_inner\"><p>Luc Martin<\/p>\n<\/div><\/div>\n<\/div>\n<\/div>\n<\/div>\n\n<div class=\"et_pb_section_5 et_pb_section et_section_regular et_block_section\">\n<div class=\"et_pb_row_7 et_pb_row et_block_row preset--module--divi-row--5138c454-be54-4233-bd3b-f8e6a8747976\">\n<div class=\"et_pb_column_16 et_pb_column et_pb_column_4_4 et-last-child et_block_column et_pb_css_mix_blend_mode_passthrough preset--module--divi-column--73121f80-a3ef-4484-8763-c3f18e3c56d2\">\n<div class=\"et_pb_heading_8 et_pb_heading et_pb_module et_block_module preset--module--divi-heading--c33f07d9-41e0-421a-8799-5799df695cce\"><div class=\"et_pb_heading_container\"><h2 class=\"et_pb_module_header\">Articles R\u00e9cents<\/h2><\/div><\/div>\n<\/div>\n<\/div>\n\n<div class=\"et_pb_row_8 et_pb_row et_block_row preset--module--divi-row--5138c454-be54-4233-bd3b-f8e6a8747976\">\n<div class=\"et_pb_column_17 et_pb_column et_pb_column_2_3 et_block_column et_pb_css_mix_blend_mode_passthrough preset--module--divi-column--73121f80-a3ef-4484-8763-c3f18e3c56d2\">\n<div class=\"et_pb_blog_0 et_pb_blog et_pb_bg_layout_light et_pb_posts et_pb_module preset--module--divi-blog--0348c28c-34b9-43d0-8c6e-c8db6c12d77f\"><div class=\"et_pb_ajax_pagination_container\"><div class=\"et_pb_posts et_block_module\"><article class=\"et_pb_post et_pb_post_id_187 clearfix et_pb_no_thumb et_pb_blog_item_0_0 post-187 post type-post status-publish format-standard hentry category-bricolage\"><h2 class=\"entry-title\"><a href=\"https:\/\/meilleurs-outils.com\/index.php\/2026\/03\/10\/187\/\"><\/a><\/h2><p class=\"post-meta\"><span class=\"published\">Mar 10, 2026<\/span> | <span class=\"entry-categories\"><a href=\"https:\/\/meilleurs-outils.com\/index.php\/category\/bricolage\/\" rel=\"tag\">Bricolage<\/a><\/span><\/p><div class=\"post-content\"><div class=\"post-content-inner\"><\/div><a href=\"https:\/\/meilleurs-outils.com\/index.php\/2026\/03\/10\/187\/\" class=\"more-link\">lire la suite&#8230;<\/a><\/div><\/article><\/div><\/div><\/div>\n<\/div>\n\n<div class=\"et_pb_column_18 et_pb_column et_pb_column_1_3 et-last-child et_block_column et_pb_css_mix_blend_mode_passthrough preset--module--divi-column--73121f80-a3ef-4484-8763-c3f18e3c56d2\">\n<div class=\"et_pb_blog_1 et_pb_blog et_pb_bg_layout_light et_pb_posts et_pb_module preset--module--divi-blog--0348c28c-34b9-43d0-8c6e-c8db6c12d77f\"><div class=\"entry\">\n\t<h1 class=\"not-found-title\">Aucun R\u00e9sultat Trouv\u00e9<\/h1>\n\t<p>La page demand\u00e9e est introuvable. Essayez d\u2019affiner votre recherche ou utilisez la navigation ci-dessus pour trouver l\u2019article.<\/p>\n<\/div>\n<\/div>\n<\/div>\n<\/div>\n<\/div>\n\n<div class=\"et_pb_section_6 et_pb_section et_section_regular et_block_section\">\n<div class=\"et_pb_row_9 et_pb_row et_block_row preset--module--divi-row--333b8a65-5730-490d-b80e-51611171c668\">\n<div class=\"et_pb_column_19 et_pb_column et_pb_column_3_5 et_block_column et_pb_css_mix_blend_mode_passthrough preset--module--divi-column--73121f80-a3ef-4484-8763-c3f18e3c56d2\">\n<div class=\"et_pb_heading_9 et_pb_heading et_pb_module et_block_module preset--module--divi-heading--c33f07d9-41e0-421a-8799-5799df695cce\"><div class=\"et_pb_heading_container\"><h2 class=\"et_pb_module_header\">D\u00e9couvrez Nos Guides et Comparatifs<\/h2><\/div><\/div>\n\n<div class=\"et_pb_text_14 et_pb_text et_pb_bg_layout_light et_pb_module et_block_module preset--module--divi-text--0504de1e-f5ff-4281-ba60-cbbe4edf98bc\"><div class=\"et_pb_text_inner\"><p>Plongez dans nos comparatifs d\u00e9taill\u00e9s et guides d&rsquo;achat pour d\u00e9nicher l&rsquo;outil parfait qui r\u00e9pondra \u00e0 vos besoins. Que vous soyez passionn\u00e9 de bricolage, jardinage, d\u00e9coupe laser ou impression 3D, Meilleurs Outils est l\u00e0 pour vous guider. Profitez de notre expertise pour passer plus de temps \u00e0 bricoler qu&rsquo;\u00e0 chercher !<\/p>\n<\/div><\/div>\n<\/div>\n\n<div class=\"et_pb_column_20 et_pb_column et_pb_column_2_5 et-last-child et_block_column et_pb_css_mix_blend_mode_passthrough preset--module--divi-column--73121f80-a3ef-4484-8763-c3f18e3c56d2\">\n<div class=\"et_pb_module et_pb_button_module_wrapper et_pb_button_5_wrapper preset--module--divi-button--ab15fb74-61a3-43aa-96b3-41e09aeef654_wrapper\"><a class=\"et_pb_button_5 et_pb_button et_pb_bg_layout_light et_pb_module et_block_module preset--module--divi-button--ab15fb74-61a3-43aa-96b3-41e09aeef654\" href=\"\">Explorez Maintenant<\/a><\/div>\n<\/div>\n<\/div>\n<\/div>","protected":false},"excerpt":{"rendered":"","protected":false},"author":1,"featured_media":0,"parent":0,"menu_order":0,"comment_status":"closed","ping_status":"closed","template":"","meta":{"footnotes":""},"class_list":["post-165","page","type-page","status-publish","hentry"],"_links":{"self":[{"href":"https:\/\/meilleurs-outils.com\/index.php\/wp-json\/wp\/v2\/pages\/165","targetHints":{"allow":["GET"]}}],"collection":[{"href":"https:\/\/meilleurs-outils.com\/index.php\/wp-json\/wp\/v2\/pages"}],"about":[{"href":"https:\/\/meilleurs-outils.com\/index.php\/wp-json\/wp\/v2\/types\/page"}],"author":[{"embeddable":true,"href":"https:\/\/meilleurs-outils.com\/index.php\/wp-json\/wp\/v2\/users\/1"}],"replies":[{"embeddable":true,"href":"https:\/\/meilleurs-outils.com\/index.php\/wp-json\/wp\/v2\/comments?post=165"}],"version-history":[{"count":2,"href":"https:\/\/meilleurs-outils.com\/index.php\/wp-json\/wp\/v2\/pages\/165\/revisions"}],"predecessor-version":[{"id":194,"href":"https:\/\/meilleurs-outils.com\/index.php\/wp-json\/wp\/v2\/pages\/165\/revisions\/194"}],"wp:attachment":[{"href":"https:\/\/meilleurs-outils.com\/index.php\/wp-json\/wp\/v2\/media?parent=165"}],"curies":[{"name":"wp","href":"https:\/\/api.w.org\/{rel}","templated":true}]}}